{"id":357,"date":"2017-07-12T06:40:08","date_gmt":"2017-07-12T06:40:08","guid":{"rendered":"http:\/\/demo.zozothemes.com\/gosolar\/?page_id=357"},"modified":"2022-05-16T10:24:29","modified_gmt":"2022-05-16T13:24:29","slug":"faq","status":"publish","type":"page","link":"https:\/\/rvambiental.eco.br\/web\/faq\/","title":{"rendered":"FAQ"},"content":{"rendered":"<p>[vc_row center_row=&#8221;yes&#8221; css=&#8221;.vc_custom_1652103570839{padding-bottom: 25px !important;}&#8221;][vc_column offset=&#8221;vc_col-lg-12 vc_col-md-12&#8243;]<div class=\"zozo-parallax-header\"><div class=\"parallax-header content-style-default\"><h2 class=\"parallax-title text-left\">Perguntas e Respostas<\/h2><\/div><\/div>[vc_tta_accordion style=&#8221;flat&#8221; gap=&#8221;5&#8243; c_icon=&#8221;chevron&#8221; active_section=&#8221;1&#8243;][vc_tta_section title=&#8221;A RV Ambiental atende todo o Brasil?&#8221; tab_id=&#8221;1496402389994-be2d643f-bb42&#8243;][vc_column_text]Sim, nossa equipe atende todo o Brasil.[\/vc_column_text][\/vc_tta_section][vc_tta_section title=&#8221;Trabalham em parceria?&#8221; tab_id=&#8221;1496404227236-1bdd234e-a02e&#8221;][vc_column_text]Trabalhamos em parcerias, quando necess\u00e1rio, com profissionais multidisciplinares[\/vc_column_text][\/vc_tta_section][vc_tta_section title=&#8221;Voc\u00eas visitam a empresa para or\u00e7amento?&#8221; tab_id=&#8221;1496404189601-4987cebe-bb5b&#8221;][vc_column_text]Sim, realizamos visita t\u00e9cnica para elabora\u00e7\u00e3o de or\u00e7amentos[\/vc_column_text][\/vc_tta_section][vc_tta_section title=&#8221;Quais seus diferenciais?&#8221; tab_id=&#8221;1496404240892-be8d9fb2-aa50&#8243;][vc_column_text]Nosso diferencial \u00e9 a preocupa\u00e7\u00e3o em atendimento a legisla\u00e7\u00e3o ambiental pra que sua empresa atenda a todos os requisitos ambientais e se torne diferenciada no mercado[\/vc_column_text][\/vc_tta_section][vc_tta_section title=&#8221;Quais as formas de pagamento?&#8221; tab_id=&#8221;1497522349578-edd1f730-3482&#8243;][vc_column_text]As formas de pagamento s\u00e3o feitas conforme a necessidade dos clientes[\/vc_column_text][\/vc_tta_section][\/vc_tta_accordion][vc_empty_space height=&#8221;50px&#8221;][\/vc_column][\/vc_row][vc_row parallax=&#8221;content-moving&#8221; parallax_speed_bg=&#8221;2.0&#8243; center_row=&#8221;yes&#8221; bg_overlay=&#8221;yes&#8221; bg_overlay_style=&#8221;overlay-primary&#8221; typo_style=&#8221;light&#8221; css=&#8221;.vc_custom_1651591558494{background-image: url(http:\/\/rvambiental.eco.br\/web\/wp-content\/uploads\/2017\/07\/slide-9-1.jpg?id=1060) !important;background-position: center;background-repeat: no-repeat;background-size: cover !important;}&#8221;][vc_column]<div class=\"zozo-feature-box feature-box-style style-default-box style-sep-yes  clearfix\" id=\"feature-box-1\"><div class=\"grid-item\"><div class=\"grid-box-inner grid-text-center grid-box-image grid-shape-none\"><h2 class=\"grid-title-below grid-title \" >O que a sua empresa precisa hoje?<\/h2><div class=\"grid-desc\" ><p>Entre em contato e vamos conversar.<\/p>\n<\/div><\/div><\/div><\/div>[vc_btn title=&#8221;Contato&#8221; color=&#8221;white&#8221; align=&#8221;center&#8221; link=&#8221;url:http%3A%2F%2Frvambiental.eco.br%2Fweb%2Fcontato-e-orcamento%2F|title:Contato%20e%20Or%C3%A7amento&#8221;][\/vc_column][\/vc_row]<\/p>\n","protected":false},"excerpt":{"rendered":"<p>[vc_row center_row=&#8221;yes&#8221; css=&#8221;.vc_custom_1652103570839{padding-bottom: 25px !important;}&#8221;][vc_column offset=&#8221;vc_col-lg-12 vc_col-md-12&#8243;][vc_tta_accordion style=&#8221;flat&#8221; gap=&#8221;5&#8243; c_icon=&#8221;chevron&#8221; active_section=&#8221;1&#8243;][vc_tta_section title=&#8221;A RV Ambiental atende todo o Brasil?&#8221; tab_id=&#8221;1496402389994-be2d643f-bb42&#8243;][vc_column_text]Sim, nossa equipe atende todo o Brasil.[\/vc_column_text][\/vc_tta_section][vc_tta_section title=&#8221;Trabalham em parceria?&#8221; tab_id=&#8221;1496404227236-1bdd234e-a02e&#8221;][vc_column_text]Trabalhamos em parcerias, quando necess\u00e1rio, com profissionais multidisciplinares[\/vc_column_text][\/vc_tta_section][vc_tta_section title=&#8221;Voc\u00eas visitam a empresa para or\u00e7amento?&#8221; tab_id=&#8221;1496404189601-4987cebe-bb5b&#8221;][vc_column_text]Sim, realizamos visita t\u00e9cnica para elabora\u00e7\u00e3o de or\u00e7amentos[\/vc_column_text][\/vc_tta_section][vc_tta_section title=&#8221;Quais seus diferenciais?&#8221; tab_id=&#8221;1496404240892-be8d9fb2-aa50&#8243;][vc_column_text]Nosso diferencial \u00e9 a preocupa\u00e7\u00e3o em atendimento&#8230;<\/p>\n","protected":false},"author":1,"featured_media":0,"parent":0,"menu_order":0,"comment_status":"closed","ping_status":"closed","template":"template-fullwidth.php","meta":[],"_links":{"self":[{"href":"https:\/\/rvambiental.eco.br\/web\/wp-json\/wp\/v2\/pages\/357"}],"collection":[{"href":"https:\/\/rvambiental.eco.br\/web\/wp-json\/wp\/v2\/pages"}],"about":[{"href":"https:\/\/rvambiental.eco.br\/web\/wp-json\/wp\/v2\/types\/page"}],"author":[{"embeddable":true,"href":"https:\/\/rvambiental.eco.br\/web\/wp-json\/wp\/v2\/users\/1"}],"replies":[{"embeddable":true,"href":"https:\/\/rvambiental.eco.br\/web\/wp-json\/wp\/v2\/comments?post=357"}],"version-history":[{"count":7,"href":"https:\/\/rvambiental.eco.br\/web\/wp-json\/wp\/v2\/pages\/357\/revisions"}],"predecessor-version":[{"id":1524,"href":"https:\/\/rvambiental.eco.br\/web\/wp-json\/wp\/v2\/pages\/357\/revisions\/1524"}],"wp:attachment":[{"href":"https:\/\/rvambiental.eco.br\/web\/wp-json\/wp\/v2\/media?parent=357"}],"curies":[{"name":"wp","href":"https:\/\/api.w.org\/{rel}","templated":true}]}}